{"id":31351,"date":"2022-06-17T09:49:51","date_gmt":"2022-06-17T09:49:51","guid":{"rendered":"https:\/\/www.ionbench.com\/?page_id=31351"},"modified":"2023-03-24T15:30:49","modified_gmt":"2023-03-24T15:30:49","slug":"privacy-policy","status":"publish","type":"page","link":"https:\/\/ionbench.com\/de\/privacy-policy\/","title":{"rendered":"Datenschutzbestimmungen"},"content":{"rendered":"<div data-elementor-type=\"wp-page\" data-elementor-id=\"31351\" class=\"elementor elementor-31351\" data-elementor-post-type=\"page\">\n\t\t\t\t\t\t<section class=\"elementor-section elementor-top-section elementor-element elementor-element-49596fb elementor-section-full_width elementor-section-stretched elementor-section-height-default elementor-section-height-default\" data-id=\"49596fb\" data-element_type=\"section\" data-settings=\"{&quot;stretch_section&quot;:&quot;section-stretched&quot;}\">\n\t\t\t\t\t\t<div class=\"elementor-container elementor-column-gap-default\">\n\t\t\t\t\t<div class=\"elementor-column elementor-col-100 elementor-top-column elementor-element elementor-element-315c2fa\" data-id=\"315c2fa\" data-element_type=\"column\" data-settings=\"{&quot;background_background&quot;:&quot;classic&quot;}\">\n\t\t\t<div class=\"elementor-widget-wrap elementor-element-populated\">\n\t\t\t\t\t\t<div class=\"elementor-element elementor-element-8dfb2af elementor-widget elementor-widget-spacer\" data-id=\"8dfb2af\" data-element_type=\"widget\" data-widget_type=\"spacer.default\">\n\t\t\t\t<div class=\"elementor-widget-container\">\n\t\t\t\t\t\t\t<div class=\"elementor-spacer\">\n\t\t\t<div class=\"elementor-spacer-inner\"><\/div>\n\t\t<\/div>\n\t\t\t\t\t\t<\/div>\n\t\t\t\t<\/div>\n\t\t\t\t<div class=\"elementor-element elementor-element-a82225e elementor-widget elementor-widget-heading\" data-id=\"a82225e\" data-element_type=\"widget\" data-widget_type=\"heading.default\">\n\t\t\t\t<div class=\"elementor-widget-container\">\n\t\t\t\t\t<h1 class=\"elementor-heading-title elementor-size-default\">IONBENCH DATENSCHUTZRICHTLINIE<\/h1>\t\t\t\t<\/div>\n\t\t\t\t<\/div>\n\t\t\t\t<div class=\"elementor-element elementor-element-1a3fdca elementor-widget elementor-widget-spacer\" data-id=\"1a3fdca\" data-element_type=\"widget\" data-widget_type=\"spacer.default\">\n\t\t\t\t<div class=\"elementor-widget-container\">\n\t\t\t\t\t\t\t<div class=\"elementor-spacer\">\n\t\t\t<div class=\"elementor-spacer-inner\"><\/div>\n\t\t<\/div>\n\t\t\t\t\t\t<\/div>\n\t\t\t\t<\/div>\n\t\t\t\t\t<\/div>\n\t\t<\/div>\n\t\t\t\t\t<\/div>\n\t\t<\/section>\n\t\t\t\t<section class=\"elementor-section elementor-top-section elementor-element elementor-element-240f4949 elementor-section-boxed elementor-section-height-default elementor-section-height-default\" data-id=\"240f4949\" data-element_type=\"section\">\n\t\t\t\t\t\t<div class=\"elementor-container elementor-column-gap-default\">\n\t\t\t\t\t<div class=\"elementor-column elementor-col-100 elementor-top-column elementor-element elementor-element-46e4aa4d\" data-id=\"46e4aa4d\" data-element_type=\"column\">\n\t\t\t<div class=\"elementor-widget-wrap elementor-element-populated\">\n\t\t\t\t\t\t<div class=\"elementor-element elementor-element-130242a4 elementor-widget elementor-widget-text-editor\" data-id=\"130242a4\" data-element_type=\"widget\" data-widget_type=\"text-editor.default\">\n\t\t\t\t<div class=\"elementor-widget-container\">\n\t\t\t\t\t\t\t\t\t<p><\/p>\n<h2 class=\"wp-block-heading\"><span style=\"text-decoration: underline;\">Wer wir sind<\/span><\/h2>\n<p><\/p>\n<p>Unsere Website-Adresse lautet: https:\/\/www.ionbench.com.<\/p>\n<p><\/p>\n<p><\/p>\n<h2 class=\"wp-block-heading\"><span style=\"text-decoration: underline;\">Kommentare<\/span><\/h2>\n<p><\/p>\n<p>When visitors leave contact form on the site we collect the data shown in the contact form&nbsp; and also the visitor\u2019s IP address and browser user agent string to help spam detection.<\/p>\n<p><\/p>\n<p><\/p>\n<h2><span style=\"text-decoration: underline;\">Cookies<\/span><\/h2>\n<h2><span style=\"color: #999999; font-size: 16px;\">Wenn Sie ein Kontaktformular auf unserer Website ausf\u00fcllen, k\u00f6nnen Sie sich damit einverstanden erkl\u00e4ren, dass Ihr Name, Ihre E-Mail-Adresse und Ihre Website in Cookies gespeichert werden. Diese dienen Ihrer Bequemlichkeit, damit Sie Ihre Daten nicht erneut eingeben m\u00fcssen, wenn Sie ein anderes Kontaktformular ausf\u00fcllen. Diese Cookies bleiben ein Jahr lang gespeichert.<\/span><\/h2>\n<p><\/p>\n<p>If you visit our login page, we will set a temporary cookie to determine if your browser accepts cookies. This cookie contains no personal data and is discarded when you close your browser.&nbsp;All of the data transmitted is stored in our data management software. You can access it at any time by simple request.&nbsp;<\/p>\n<p><\/p>\n<p><\/p>\n<h2 class=\"wp-block-heading\"><span style=\"text-decoration: underline;\">Eingebettete Inhalte von anderen Websites<\/span><\/h2>\n<p><\/p>\n<p>Eingebettete Inhalte von anderen Websites verhalten sich genau so, als ob der Besucher die andere Website besucht h\u00e4tte.<\/p>\n<p><\/p>\n<p>Diese Websites k\u00f6nnen Daten \u00fcber Sie sammeln, Cookies verwenden, zus\u00e4tzliche Trackingfunktionen von Dritten einbetten und Ihre Interaktion mit diesen eingebetteten Inhalten \u00fcberwachen, einschlie\u00dflich der Verfolgung Ihrer Interaktion mit den eingebetteten Inhalten, wenn Sie ein Konto haben und auf dieser Website angemeldet sind.<\/p>\n<p><\/p>\n<h2 class=\"wp-block-heading\">&nbsp;<\/h2>\n<h2><span style=\"text-decoration: underline;\">Mit wem wir Ihre Daten teilen<\/span><\/h2>\n<p><\/p>\n<p>Wir geben keine Ihrer Daten weiter.<\/p>\n<p><\/p>\n<h2 class=\"wp-block-heading\">&nbsp;<\/h2>\n<h2><span style=\"text-decoration: underline;\">Wie lange wir Ihre Daten aufbewahren<\/span><\/h2>\n<p><\/p>\n<p>Wenn Sie ein Kontaktformular verlassen, werden das Formular und seine Metadaten auf unbestimmte Zeit gespeichert. Auf diese Weise k\u00f6nnen wir Folgeformulare automatisch erkennen und genehmigen, anstatt sie in einer Moderationswarteschlange zu halten.<\/p>\n<p><\/p>\n<p><\/p>\n<p><\/p>\n<p><\/p>\n<h2 class=\"wp-block-heading\"><span style=\"text-decoration: underline;\">Welche Rechte Sie an Ihren Daten haben<\/span><\/h2>\n<p><\/p>\n<p>You can request to receive an exported file of the personal data we hold about you, including any data you have provided to us. You can also request that we erase any personal data we hold about you. This does not include any data we are obliged to keep for administrative, legal, or security purposes.<\/p>\n<p><\/p>\n<p><\/p>\n<h2 class=\"wp-block-heading\"><span style=\"text-decoration: underline;\">Wohin Ihre Daten gesendet werden<\/span><\/h2>\n<p><\/p>\n<p>Besucherformulare k\u00f6nnen durch einen automatischen Spam-Erkennungsdienst \u00fcberpr\u00fcft werden.<\/p>\n<p><\/p>\n<p><\/p>\t\t\t\t\t\t\t\t<\/div>\n\t\t\t\t<\/div>\n\t\t\t\t\t<\/div>\n\t\t<\/div>\n\t\t\t\t\t<\/div>\n\t\t<\/section>\n\t\t\t\t<\/div>","protected":false},"excerpt":{"rendered":"<p>IONBENCH PRIVACY POLICY Who we are Our website address is: https:\/\/www.ionbench.com. Comments When visitors leave contact form on the site we collect the data shown in the contact form&nbsp; and also the visitor\u2019s IP address and browser user agent string to help spam detection. Cookies If you leave a contact form on our site you [&hellip;]<\/p>","protected":false},"author":1,"featured_media":0,"parent":0,"menu_order":0,"comment_status":"closed","ping_status":"closed","template":"","meta":{"footnotes":""},"class_list":["post-31351","page","type-page","status-publish","hentry"],"yoast_head":"<!-- This site is optimized with the Yoast SEO Premium plugin v24.2 (Yoast SEO v24.2) - https:\/\/yoast.com\/wordpress\/plugins\/seo\/ -->\n<title>Privacy Policy - ionBench<\/title>\n<meta name=\"robots\" content=\"index, follow, max-snippet:-1, max-image-preview:large, max-video-preview:-1\" \/>\n<link rel=\"canonical\" href=\"https:\/\/ionbench.com\/de\/privacy-policy\/\" \/>\n<meta property=\"og:locale\" content=\"de_DE\" \/>\n<meta property=\"og:type\" content=\"article\" \/>\n<meta property=\"og:title\" content=\"Privacy Policy\" \/>\n<meta property=\"og:description\" content=\"IONBENCH PRIVACY POLICY Who we are Our website address is: https:\/\/www.ionbench.com. Comments When visitors leave contact form on the site we collect the\" \/>\n<meta property=\"og:url\" content=\"https:\/\/ionbench.com\/de\/privacy-policy\/\" \/>\n<meta property=\"og:site_name\" content=\"ionBench\" \/>\n<meta property=\"article:modified_time\" content=\"2023-03-24T15:30:49+00:00\" \/>\n<meta name=\"twitter:card\" content=\"summary_large_image\" \/>\n<meta name=\"twitter:label1\" content=\"Gesch\u00e4tzte Lesezeit\" \/>\n\t<meta name=\"twitter:data1\" content=\"2\u00a0Minuten\" \/>\n<script type=\"application\/ld+json\" class=\"yoast-schema-graph\">{\"@context\":\"https:\/\/schema.org\",\"@graph\":[{\"@type\":\"WebPage\",\"@id\":\"https:\/\/ionbench.com\/privacy-policy\/\",\"url\":\"https:\/\/ionbench.com\/privacy-policy\/\",\"name\":\"Privacy Policy - ionBench\",\"isPartOf\":{\"@id\":\"https:\/\/ionbench.com\/#website\"},\"datePublished\":\"2022-06-17T09:49:51+00:00\",\"dateModified\":\"2023-03-24T15:30:49+00:00\",\"breadcrumb\":{\"@id\":\"https:\/\/ionbench.com\/privacy-policy\/#breadcrumb\"},\"inLanguage\":\"de\",\"potentialAction\":[{\"@type\":\"ReadAction\",\"target\":[\"https:\/\/ionbench.com\/privacy-policy\/\"]}]},{\"@type\":\"BreadcrumbList\",\"@id\":\"https:\/\/ionbench.com\/privacy-policy\/#breadcrumb\",\"itemListElement\":[{\"@type\":\"ListItem\",\"position\":1,\"name\":\"Accueil\",\"item\":\"https:\/\/ionbench.com\/\"},{\"@type\":\"ListItem\",\"position\":2,\"name\":\"Privacy Policy\"}]},{\"@type\":\"WebSite\",\"@id\":\"https:\/\/ionbench.com\/#website\",\"url\":\"https:\/\/ionbench.com\/\",\"name\":\"ionBench\",\"description\":\"Trust a reliable partner\",\"publisher\":{\"@id\":\"https:\/\/ionbench.com\/#organization\"},\"potentialAction\":[{\"@type\":\"SearchAction\",\"target\":{\"@type\":\"EntryPoint\",\"urlTemplate\":\"https:\/\/ionbench.com\/?s={search_term_string}\"},\"query-input\":{\"@type\":\"PropertyValueSpecification\",\"valueRequired\":true,\"valueName\":\"search_term_string\"}}],\"inLanguage\":\"de\"},{\"@type\":\"Organization\",\"@id\":\"https:\/\/ionbench.com\/#organization\",\"name\":\"ionBench\",\"url\":\"https:\/\/ionbench.com\/\",\"logo\":{\"@type\":\"ImageObject\",\"inLanguage\":\"de\",\"@id\":\"https:\/\/ionbench.com\/#\/schema\/logo\/image\/\",\"url\":\"https:\/\/www.ionbench.com\/wp-content\/uploads\/2021\/07\/ionBenchR-couleur-150px.png\",\"contentUrl\":\"https:\/\/www.ionbench.com\/wp-content\/uploads\/2021\/07\/ionBenchR-couleur-150px.png\",\"width\":150,\"height\":52,\"caption\":\"ionBench\"},\"image\":{\"@id\":\"https:\/\/ionbench.com\/#\/schema\/logo\/image\/\"}}]}<\/script>\n<!-- \/ Yoast SEO Premium plugin. -->","yoast_head_json":{"title":"Privacy Policy - ionBench","robots":{"index":"index","follow":"follow","max-snippet":"max-snippet:-1","max-image-preview":"max-image-preview:large","max-video-preview":"max-video-preview:-1"},"canonical":"https:\/\/ionbench.com\/de\/privacy-policy\/","og_locale":"de_DE","og_type":"article","og_title":"Privacy Policy","og_description":"IONBENCH PRIVACY POLICY Who we are Our website address is: https:\/\/www.ionbench.com. Comments When visitors leave contact form on the site we collect the","og_url":"https:\/\/ionbench.com\/de\/privacy-policy\/","og_site_name":"ionBench","article_modified_time":"2023-03-24T15:30:49+00:00","twitter_card":"summary_large_image","twitter_misc":{"Gesch\u00e4tzte Lesezeit":"2\u00a0Minuten"},"schema":{"@context":"https:\/\/schema.org","@graph":[{"@type":"WebPage","@id":"https:\/\/ionbench.com\/privacy-policy\/","url":"https:\/\/ionbench.com\/privacy-policy\/","name":"Privacy Policy - ionBench","isPartOf":{"@id":"https:\/\/ionbench.com\/#website"},"datePublished":"2022-06-17T09:49:51+00:00","dateModified":"2023-03-24T15:30:49+00:00","breadcrumb":{"@id":"https:\/\/ionbench.com\/privacy-policy\/#breadcrumb"},"inLanguage":"de","potentialAction":[{"@type":"ReadAction","target":["https:\/\/ionbench.com\/privacy-policy\/"]}]},{"@type":"BreadcrumbList","@id":"https:\/\/ionbench.com\/privacy-policy\/#breadcrumb","itemListElement":[{"@type":"ListItem","position":1,"name":"Accueil","item":"https:\/\/ionbench.com\/"},{"@type":"ListItem","position":2,"name":"Privacy Policy"}]},{"@type":"WebSite","@id":"https:\/\/ionbench.com\/#website","url":"https:\/\/ionbench.com\/","name":"ionBench","description":"Trust a reliable partner","publisher":{"@id":"https:\/\/ionbench.com\/#organization"},"potentialAction":[{"@type":"SearchAction","target":{"@type":"EntryPoint","urlTemplate":"https:\/\/ionbench.com\/?s={search_term_string}"},"query-input":{"@type":"PropertyValueSpecification","valueRequired":true,"valueName":"search_term_string"}}],"inLanguage":"de"},{"@type":"Organization","@id":"https:\/\/ionbench.com\/#organization","name":"ionBench","url":"https:\/\/ionbench.com\/","logo":{"@type":"ImageObject","inLanguage":"de","@id":"https:\/\/ionbench.com\/#\/schema\/logo\/image\/","url":"https:\/\/www.ionbench.com\/wp-content\/uploads\/2021\/07\/ionBenchR-couleur-150px.png","contentUrl":"https:\/\/www.ionbench.com\/wp-content\/uploads\/2021\/07\/ionBenchR-couleur-150px.png","width":150,"height":52,"caption":"ionBench"},"image":{"@id":"https:\/\/ionbench.com\/#\/schema\/logo\/image\/"}}]}},"_links":{"self":[{"href":"https:\/\/ionbench.com\/de\/wp-json\/wp\/v2\/pages\/31351","targetHints":{"allow":["GET"]}}],"collection":[{"href":"https:\/\/ionbench.com\/de\/wp-json\/wp\/v2\/pages"}],"about":[{"href":"https:\/\/ionbench.com\/de\/wp-json\/wp\/v2\/types\/page"}],"author":[{"embeddable":true,"href":"https:\/\/ionbench.com\/de\/wp-json\/wp\/v2\/users\/1"}],"replies":[{"embeddable":true,"href":"https:\/\/ionbench.com\/de\/wp-json\/wp\/v2\/comments?post=31351"}],"version-history":[{"count":6,"href":"https:\/\/ionbench.com\/de\/wp-json\/wp\/v2\/pages\/31351\/revisions"}],"predecessor-version":[{"id":36464,"href":"https:\/\/ionbench.com\/de\/wp-json\/wp\/v2\/pages\/31351\/revisions\/36464"}],"wp:attachment":[{"href":"https:\/\/ionbench.com\/de\/wp-json\/wp\/v2\/media?parent=31351"}],"curies":[{"name":"wp","href":"https:\/\/api.w.org\/{rel}","templated":true}]}}