{"id":32841,"date":"2022-08-17T12:43:16","date_gmt":"2022-08-17T12:43:16","guid":{"rendered":"https:\/\/www.ionbench.com\/?page_id=32841"},"modified":"2022-10-04T10:35:21","modified_gmt":"2022-10-04T10:35:21","slug":"how-to-improve-your-ms-system","status":"publish","type":"page","link":"https:\/\/ionbench.com\/de\/wie-verbessern-sie-ihr-ms-system\/","title":{"rendered":"Wie Sie Ihr MS-System verbessern k\u00f6nnen"},"content":{"rendered":"<div data-elementor-type=\"wp-page\" data-elementor-id=\"32841\" class=\"elementor elementor-32841\" data-elementor-post-type=\"page\">\n\t\t\t\t\t\t<section class=\"elementor-section elementor-top-section elementor-element elementor-element-8142821 elementor-section-stretched elementor-section-full_width elementor-section-height-default elementor-section-height-default\" data-id=\"8142821\" data-element_type=\"section\" data-settings=\"{&quot;stretch_section&quot;:&quot;section-stretched&quot;}\">\n\t\t\t\t\t\t<div class=\"elementor-container elementor-column-gap-default\">\n\t\t\t\t\t<div class=\"elementor-column elementor-col-100 elementor-top-column elementor-element elementor-element-aefffe4\" data-id=\"aefffe4\" data-element_type=\"column\" data-settings=\"{&quot;background_background&quot;:&quot;classic&quot;}\">\n\t\t\t<div class=\"elementor-widget-wrap elementor-element-populated\">\n\t\t\t\t\t\t<div class=\"elementor-element elementor-element-75ea090 elementor-widget elementor-widget-spacer\" data-id=\"75ea090\" data-element_type=\"widget\" data-widget_type=\"spacer.default\">\n\t\t\t\t<div class=\"elementor-widget-container\">\n\t\t\t\t\t\t\t<div class=\"elementor-spacer\">\n\t\t\t<div class=\"elementor-spacer-inner\"><\/div>\n\t\t<\/div>\n\t\t\t\t\t\t<\/div>\n\t\t\t\t<\/div>\n\t\t\t\t<div class=\"elementor-element elementor-element-d9c8154 elementor-widget elementor-widget-heading\" data-id=\"d9c8154\" data-element_type=\"widget\" data-widget_type=\"heading.default\">\n\t\t\t\t<div class=\"elementor-widget-container\">\n\t\t\t\t\t<h1 class=\"elementor-heading-title elementor-size-large\">WIE K\u00d6NNEN SIE IHR MASSENSPEKTROMETRIE-SYSTEM VERBESSERN? <\/h1>\t\t\t\t<\/div>\n\t\t\t\t<\/div>\n\t\t\t\t<div class=\"elementor-element elementor-element-27216f3 elementor-widget elementor-widget-spacer\" data-id=\"27216f3\" data-element_type=\"widget\" data-widget_type=\"spacer.default\">\n\t\t\t\t<div class=\"elementor-widget-container\">\n\t\t\t\t\t\t\t<div class=\"elementor-spacer\">\n\t\t\t<div class=\"elementor-spacer-inner\"><\/div>\n\t\t<\/div>\n\t\t\t\t\t\t<\/div>\n\t\t\t\t<\/div>\n\t\t\t\t\t<\/div>\n\t\t<\/div>\n\t\t\t\t\t<\/div>\n\t\t<\/section>\n\t\t\t\t<section class=\"elementor-section elementor-top-section elementor-element elementor-element-fa3f9e9 elementor-section-boxed elementor-section-height-default elementor-section-height-default\" data-id=\"fa3f9e9\" data-element_type=\"section\">\n\t\t\t\t\t\t<div class=\"elementor-container elementor-column-gap-default\">\n\t\t\t\t\t<div class=\"elementor-column elementor-col-25 elementor-top-column elementor-element elementor-element-dbeb788\" data-id=\"dbeb788\" data-element_type=\"column\">\n\t\t\t<div class=\"elementor-widget-wrap elementor-element-populated\">\n\t\t\t\t\t\t<div class=\"elementor-element elementor-element-6200654 elementor-widget elementor-widget-image\" data-id=\"6200654\" data-element_type=\"widget\" data-widget_type=\"image.default\">\n\t\t\t\t<div class=\"elementor-widget-container\">\n\t\t\t\t\t\t\t\t\t\t\t\t\t\t\t<img decoding=\"async\" width=\"100\" height=\"100\" src=\"https:\/\/ionbench.com\/wp-content\/uploads\/2022\/04\/1.png\" class=\"attachment-large size-large wp-image-29089\" alt=\"Schallschutzhaube f\u00fcr Vakuumpumpe\" srcset=\"https:\/\/ionbench.com\/wp-content\/uploads\/2022\/04\/1.png 100w, https:\/\/ionbench.com\/wp-content\/uploads\/2022\/04\/1-12x12.png 12w\" sizes=\"(max-width: 100px) 100vw, 100px\" \/>\t\t\t\t\t\t\t\t\t\t\t\t\t\t\t<\/div>\n\t\t\t\t<\/div>\n\t\t\t\t<div class=\"elementor-element elementor-element-b4b87cd elementor-widget elementor-widget-heading\" data-id=\"b4b87cd\" data-element_type=\"widget\" data-widget_type=\"heading.default\">\n\t\t\t\t<div class=\"elementor-widget-container\">\n\t\t\t\t\t<h4 class=\"elementor-heading-title elementor-size-medium\">IHR LABOR LEISER MACHEN<\/h4>\t\t\t\t<\/div>\n\t\t\t\t<\/div>\n\t\t\t\t\t<\/div>\n\t\t<\/div>\n\t\t\t\t<div class=\"elementor-column elementor-col-25 elementor-top-column elementor-element elementor-element-bf1cfe8\" data-id=\"bf1cfe8\" data-element_type=\"column\">\n\t\t\t<div class=\"elementor-widget-wrap elementor-element-populated\">\n\t\t\t\t\t\t<div class=\"elementor-element elementor-element-7b040d1 elementor-widget elementor-widget-image\" data-id=\"7b040d1\" data-element_type=\"widget\" data-widget_type=\"image.default\">\n\t\t\t\t<div class=\"elementor-widget-container\">\n\t\t\t\t\t\t\t\t\t\t\t\t\t\t\t<img decoding=\"async\" width=\"100\" height=\"100\" src=\"https:\/\/ionbench.com\/wp-content\/uploads\/2022\/04\/2.png\" class=\"attachment-large size-large wp-image-29090\" alt=\"Schwingungsd\u00e4mpfungssystem ionbench\" srcset=\"https:\/\/ionbench.com\/wp-content\/uploads\/2022\/04\/2.png 100w, https:\/\/ionbench.com\/wp-content\/uploads\/2022\/04\/2-12x12.png 12w\" sizes=\"(max-width: 100px) 100vw, 100px\" \/>\t\t\t\t\t\t\t\t\t\t\t\t\t\t\t<\/div>\n\t\t\t\t<\/div>\n\t\t\t\t<div class=\"elementor-element elementor-element-7d83b6f elementor-widget elementor-widget-heading\" data-id=\"7d83b6f\" data-element_type=\"widget\" data-widget_type=\"heading.default\">\n\t\t\t\t<div class=\"elementor-widget-container\">\n\t\t\t\t\t<h4 class=\"elementor-heading-title elementor-size-medium\">VIBRATIONSFREI<\/h4>\t\t\t\t<\/div>\n\t\t\t\t<\/div>\n\t\t\t\t\t<\/div>\n\t\t<\/div>\n\t\t\t\t<div class=\"elementor-column elementor-col-25 elementor-top-column elementor-element elementor-element-b42f7a7\" data-id=\"b42f7a7\" data-element_type=\"column\">\n\t\t\t<div class=\"elementor-widget-wrap elementor-element-populated\">\n\t\t\t\t\t\t<div class=\"elementor-element elementor-element-6c0680f elementor-widget elementor-widget-image\" data-id=\"6c0680f\" data-element_type=\"widget\" data-widget_type=\"image.default\">\n\t\t\t\t<div class=\"elementor-widget-container\">\n\t\t\t\t\t\t\t\t\t\t\t\t\t\t\t<img decoding=\"async\" width=\"100\" height=\"100\" src=\"https:\/\/ionbench.com\/wp-content\/uploads\/2022\/04\/3.png\" class=\"attachment-large size-large wp-image-29091\" alt=\"\" srcset=\"https:\/\/ionbench.com\/wp-content\/uploads\/2022\/04\/3.png 100w, https:\/\/ionbench.com\/wp-content\/uploads\/2022\/04\/3-12x12.png 12w\" sizes=\"(max-width: 100px) 100vw, 100px\" \/>\t\t\t\t\t\t\t\t\t\t\t\t\t\t\t<\/div>\n\t\t\t\t<\/div>\n\t\t\t\t<div class=\"elementor-element elementor-element-f9e6988 elementor-widget elementor-widget-heading\" data-id=\"f9e6988\" data-element_type=\"widget\" data-widget_type=\"heading.default\">\n\t\t\t\t<div class=\"elementor-widget-container\">\n\t\t\t\t\t<h4 class=\"elementor-heading-title elementor-size-medium\">BEREIT ZUR ARBEIT<\/h4>\t\t\t\t<\/div>\n\t\t\t\t<\/div>\n\t\t\t\t\t<\/div>\n\t\t<\/div>\n\t\t\t\t<div class=\"elementor-column elementor-col-25 elementor-top-column elementor-element elementor-element-813c9a9\" data-id=\"813c9a9\" data-element_type=\"column\">\n\t\t\t<div class=\"elementor-widget-wrap elementor-element-populated\">\n\t\t\t\t\t\t<div class=\"elementor-element elementor-element-e941fcf elementor-widget elementor-widget-image\" data-id=\"e941fcf\" data-element_type=\"widget\" data-widget_type=\"image.default\">\n\t\t\t\t<div class=\"elementor-widget-container\">\n\t\t\t\t\t\t\t\t\t\t\t\t\t\t\t<img loading=\"lazy\" decoding=\"async\" width=\"100\" height=\"100\" src=\"https:\/\/ionbench.com\/wp-content\/uploads\/2022\/04\/4.png\" class=\"attachment-large size-large wp-image-29092\" alt=\"\" srcset=\"https:\/\/ionbench.com\/wp-content\/uploads\/2022\/04\/4.png 100w, https:\/\/ionbench.com\/wp-content\/uploads\/2022\/04\/4-12x12.png 12w\" sizes=\"(max-width: 100px) 100vw, 100px\" \/>\t\t\t\t\t\t\t\t\t\t\t\t\t\t\t<\/div>\n\t\t\t\t<\/div>\n\t\t\t\t<div class=\"elementor-element elementor-element-2e2ea01 elementor-widget elementor-widget-heading\" data-id=\"2e2ea01\" data-element_type=\"widget\" data-widget_type=\"heading.default\">\n\t\t\t\t<div class=\"elementor-widget-container\">\n\t\t\t\t\t<h4 class=\"elementor-heading-title elementor-size-medium\">VOLLST\u00c4NDIG KOMPATIBEL UND OPTIMIERT<\/h4>\t\t\t\t<\/div>\n\t\t\t\t<\/div>\n\t\t\t\t\t<\/div>\n\t\t<\/div>\n\t\t\t\t\t<\/div>\n\t\t<\/section>\n\t\t\t\t<section class=\"elementor-section elementor-top-section elementor-element elementor-element-0b460c0 elementor-section-boxed elementor-section-height-default elementor-section-height-default\" data-id=\"0b460c0\" data-element_type=\"section\">\n\t\t\t\t\t\t<div class=\"elementor-container elementor-column-gap-no\">\n\t\t\t\t\t<div class=\"elementor-column elementor-col-50 elementor-top-column elementor-element elementor-element-2a2a7bf\" data-id=\"2a2a7bf\" data-element_type=\"column\" data-settings=\"{&quot;background_background&quot;:&quot;classic&quot;}\">\n\t\t\t<div class=\"elementor-widget-wrap elementor-element-populated\">\n\t\t\t\t\t\t<div class=\"elementor-element elementor-element-da356d6 elementor-widget elementor-widget-spacer\" data-id=\"da356d6\" data-element_type=\"widget\" data-widget_type=\"spacer.default\">\n\t\t\t\t<div class=\"elementor-widget-container\">\n\t\t\t\t\t\t\t<div class=\"elementor-spacer\">\n\t\t\t<div class=\"elementor-spacer-inner\"><\/div>\n\t\t<\/div>\n\t\t\t\t\t\t<\/div>\n\t\t\t\t<\/div>\n\t\t\t\t<div class=\"elementor-element elementor-element-a28883c elementor-widget elementor-widget-heading\" data-id=\"a28883c\" data-element_type=\"widget\" data-widget_type=\"heading.default\">\n\t\t\t\t<div class=\"elementor-widget-container\">\n\t\t\t\t\t<h2 class=\"elementor-heading-title elementor-size-medium\">Holen Sie das Beste aus Ihrer MS heraus, mit einer Strohmatte, die zu Ihrem System passt. \n<\/h2>\t\t\t\t<\/div>\n\t\t\t\t<\/div>\n\t\t\t\t<div class=\"elementor-element elementor-element-fb63ab5 elementor-widget elementor-widget-text-editor\" data-id=\"fb63ab5\" data-element_type=\"widget\" data-widget_type=\"text-editor.default\">\n\t\t\t\t<div class=\"elementor-widget-container\">\n\t\t\t\t\t\t\t\t\t<p style=\"text-align: center;\"><span style=\"color: #ffffff;\">Wir bieten ma\u00dfgeschneiderte L\u00f6sungen f\u00fcr Ihr LC-GC-ICP-MS-System<\/span><br><span style=\"color: #ffffff;\">Wenn Sie auf Ihr neues System warten oder bereits eines haben, k\u00f6nnen Sie uns gerne kontaktieren<\/span><\/p>\t\t\t\t\t\t\t\t<\/div>\n\t\t\t\t<\/div>\n\t\t\t\t<div class=\"elementor-element elementor-element-274a535 elementor-widget elementor-widget-spacer\" data-id=\"274a535\" data-element_type=\"widget\" data-widget_type=\"spacer.default\">\n\t\t\t\t<div class=\"elementor-widget-container\">\n\t\t\t\t\t\t\t<div class=\"elementor-spacer\">\n\t\t\t<div class=\"elementor-spacer-inner\"><\/div>\n\t\t<\/div>\n\t\t\t\t\t\t<\/div>\n\t\t\t\t<\/div>\n\t\t\t\t\t<\/div>\n\t\t<\/div>\n\t\t\t\t<div class=\"elementor-column elementor-col-50 elementor-top-column elementor-element elementor-element-e958de5\" data-id=\"e958de5\" data-element_type=\"column\">\n\t\t\t<div class=\"elementor-widget-wrap elementor-element-populated\">\n\t\t\t\t\t\t<div class=\"elementor-element elementor-element-970351f elementor-widget elementor-widget-video\" data-id=\"970351f\" data-element_type=\"widget\" data-settings=\"{&quot;youtube_url&quot;:&quot;https:\\\/\\\/www.youtube.com\\\/watch?v=Ugcyd8djsto&quot;,&quot;video_type&quot;:&quot;youtube&quot;,&quot;controls&quot;:&quot;yes&quot;}\" data-widget_type=\"video.default\">\n\t\t\t\t<div class=\"elementor-widget-container\">\n\t\t\t\t\t\t\t<div class=\"elementor-wrapper elementor-open-inline\">\n\t\t\t<div class=\"elementor-video\"><\/div>\t\t<\/div>\n\t\t\t\t\t\t<\/div>\n\t\t\t\t<\/div>\n\t\t\t\t\t<\/div>\n\t\t<\/div>\n\t\t\t\t\t<\/div>\n\t\t<\/section>\n\t\t\t\t<section class=\"elementor-section elementor-top-section elementor-element elementor-element-048ce13 elementor-section-content-middle elementor-section-boxed elementor-section-height-default elementor-section-height-default\" data-id=\"048ce13\" data-element_type=\"section\" data-settings=\"{&quot;background_background&quot;:&quot;classic&quot;}\">\n\t\t\t\t\t\t<div class=\"elementor-container elementor-column-gap-default\">\n\t\t\t\t\t<div class=\"elementor-column elementor-col-100 elementor-top-column elementor-element elementor-element-9f8472d\" data-id=\"9f8472d\" data-element_type=\"column\">\n\t\t\t<div class=\"elementor-widget-wrap elementor-element-populated\">\n\t\t\t\t\t\t<div class=\"elementor-element elementor-element-120225d elementor-widget elementor-widget-heading\" data-id=\"120225d\" data-element_type=\"widget\" data-widget_type=\"heading.default\">\n\t\t\t\t<div class=\"elementor-widget-container\">\n\t\t\t\t\t<h3 class=\"elementor-heading-title elementor-size-medium\">KONTAKTIEREN SIE UNS UND MACHEN SIE DEN ERSTEN SCHRITT ZUR AUFR\u00dcSTUNG IHRES SYSTEMS! <\/h3>\t\t\t\t<\/div>\n\t\t\t\t<\/div>\n\t\t\t\t<div class=\"elementor-element elementor-element-a477e85 elementor-widget elementor-widget-shortcode\" data-id=\"a477e85\" data-element_type=\"widget\" data-widget_type=\"shortcode.default\">\n\t\t\t\t<div class=\"elementor-widget-container\">\n\t\t\t\t\t\t\t<div class=\"elementor-shortcode\"><center><div class=\"forminator-ui forminator-custom-form forminator-custom-form-30886 forminator-design--material  forminator_ajax\" data-forminator-render=\"0\" data-form=\"forminator-module-30886\" data-uid=\"69de32374a73d\"><br\/><\/div><form\n\t\t\t\tid=\"forminator-module-30886\"\n\t\t\t\tclass=\"forminator-ui forminator-custom-form forminator-custom-form-30886 forminator-design--material  forminator_ajax\"\n\t\t\t\tmethod=\"post\"\n\t\t\t\tdata-forminator-render=\"0\"\n\t\t\t\tdata-form-id=\"30886\"\n\t\t\t\t\n\t\t\t\tdata-design=\"material\"\n\t\t\t\t\n\t\t\t\t\n\t\t\t\t\n\t\t\t\tdata-grid=\"open\"\n\t\t\t\t\n\t\t\t\t\n\t\t\t\tstyle=\"display: none;\"\n\t\t\t\t\n\t\t\t\tdata-uid=\"69de32374a73d\" action=\"\"\n\t\t\t><div role=\"alert\" aria-live=\"polite\" class=\"forminator-response-message forminator-error\" aria-hidden=\"true\"><\/div><div class=\"forminator-row\"><div id=\"name-1\" class=\"forminator-field-name forminator-col forminator-col-4\"><div class=\"forminator-field\"><label for=\"forminator-field-name-1_69de32374a73d\" id=\"forminator-field-name-1_69de32374a73d-label\" class=\"forminator-label\">Achternaam<\/label><input type=\"text\" name=\"name-1\" value=\"\" placeholder=\"\" id=\"forminator-field-name-1_69de32374a73d\" class=\"forminator-input forminator-name--field\" aria-required=\"false\" \/><\/div><\/div><div id=\"email-1\" class=\"forminator-field-email forminator-col forminator-col-4\"><div class=\"forminator-field\"><label for=\"forminator-field-email-1_69de32374a73d\" id=\"forminator-field-email-1_69de32374a73d-label\" class=\"forminator-label\">E-Mail<\/label><input type=\"email\" name=\"email-1\" value=\"\" placeholder=\"\" id=\"forminator-field-email-1_69de32374a73d\" class=\"forminator-input forminator-email--field\" data-required=\"\" aria-required=\"false\" \/><\/div><\/div><div id=\"phone-1\" class=\"forminator-field-phone forminator-col forminator-col-4\"><div class=\"forminator-field\"><label for=\"forminator-field-phone-1_69de32374a73d\" id=\"forminator-field-phone-1_69de32374a73d-label\" class=\"forminator-label\">Telefoonnummer<\/label><input type=\"text\" name=\"phone-1\" value=\"\" placeholder=\"\" id=\"forminator-field-phone-1_69de32374a73d\" class=\"forminator-input forminator-field--phone\" data-required=\"\" aria-required=\"false\" autocomplete=\"off\" data-national_mode=\"disabled\" data-country=\"US\" data-validation=\"international\" \/><\/div><\/div><\/div><div class=\"forminator-row\"><div id=\"textarea-2\" class=\"forminator-field-textarea forminator-col forminator-col-12\"><div class=\"forminator-field\"><label for=\"forminator-field-textarea-2_69de32374a73d\" id=\"forminator-field-textarea-2_69de32374a73d-label\" class=\"forminator-label\">Instrument(e) + Vakuumpumpe(n)<\/label><textarea name=\"textarea-2\" placeholder=\"\" id=\"forminator-field-textarea-2_69de32374a73d\" class=\"forminator-textarea\" rows=\"6\" style=\"min-height:140px;\" ><\/textarea><\/div><\/div><\/div><div class=\"forminator-row\"><div id=\"textarea-1\" class=\"forminator-field-textarea forminator-col forminator-col-12\"><div class=\"forminator-field\"><label for=\"forminator-field-textarea-1_69de32374a73d\" id=\"forminator-field-textarea-1_69de32374a73d-label\" class=\"forminator-label\">Nachricht<\/label><textarea name=\"textarea-1\" placeholder=\"\" id=\"forminator-field-textarea-1_69de32374a73d\" class=\"forminator-textarea\" rows=\"6\" style=\"min-height:50px;\" ><\/textarea><\/div><\/div><\/div><div class=\"forminator-row forminator-hidden\"><input type=\"hidden\" id=\"hidden-1_69de32374a73d\" name=\"hidden-1\" value=\"https:\/\/ionbench.com\/de\/wie-verbessern-sie-ihr-ms-system\/\" \/><\/div><div class=\"forminator-row\"><div id=\"captcha-1\" class=\"forminator-field-captcha forminator-col forminator-col-12\"><div class=\"forminator-g-recaptcha recaptcha-invisible\" data-theme=\"light\" data-badge=\"inline\" data-sitekey=\"6LfPbVodAAAAAGPWUAik-4x4H8FGESXi9XadTTAj\" data-size=\"invisible\"><\/div> <\/div><\/div><input type=\"hidden\" name=\"referer_url\" value=\"\" \/><div class=\"forminator-row forminator-row-last\"><div class=\"forminator-col\"><div class=\"forminator-field\"><button class=\"forminator-button forminator-button-submit\"><span>MEIN SYSTEM AUFR\u00dcSTEN<\/span><span aria-hidden=\"true\"><\/span><\/button><\/div><\/div><\/div><input type=\"hidden\" id=\"forminator_nonce\" name=\"forminator_nonce\" value=\"d58698243a\" \/><input type=\"hidden\" name=\"_wp_http_referer\" value=\"\/de\/wp-json\/wp\/v2\/pages\/32841\" \/><input type=\"hidden\" name=\"form_id\" value=\"30886\"><input type=\"hidden\" name=\"page_id\" value=\"32841\"><input type=\"hidden\" name=\"form_type\" value=\"default\"><input type=\"hidden\" name=\"current_url\" value=\"https:\/\/ionbench.com\/de\/wie-verbessern-sie-ihr-ms-system\/\"><input type=\"hidden\" name=\"render_id\" value=\"0\"><input type=\"hidden\" name=\"action\" value=\"forminator_submit_form_custom-forms\"><input type=\"hidden\" name=\"trp-form-language\" value=\"de\"\/><\/form><\/center><\/div>\n\t\t\t\t\t\t<\/div>\n\t\t\t\t<\/div>\n\t\t\t\t\t<\/div>\n\t\t<\/div>\n\t\t\t\t\t<\/div>\n\t\t<\/section>\n\t\t\t\t<\/div>","protected":false},"excerpt":{"rendered":"<p>HOW TO IMPROVE YOUR MASS SPECTROMETRY SYSTEM ? MAKE YOUR LAB QUIETER VIBRATION FREE READY TO WORK FULLY COMPATIBLE AND OPTIMIZED Get the best from your MS with a bench that fits your system. We provide customized solutions according to your LC-GC-ICP-MS systemIf you are waiting for your new system or already have one, feel [&hellip;]<\/p>","protected":false},"author":1,"featured_media":0,"parent":0,"menu_order":0,"comment_status":"closed","ping_status":"closed","template":"","meta":{"footnotes":""},"class_list":["post-32841","page","type-page","status-publish","hentry"],"yoast_head":"<!-- This site is optimized with the Yoast SEO Premium plugin v24.2 (Yoast SEO v24.2) - https:\/\/yoast.com\/wordpress\/plugins\/seo\/ -->\n<title>How to improve your MS system - ionBench<\/title>\n<meta name=\"robots\" content=\"index, follow, max-snippet:-1, max-image-preview:large, max-video-preview:-1\" \/>\n<link rel=\"canonical\" href=\"https:\/\/ionbench.com\/de\/how-to-improve-your-ms-system\/\" \/>\n<meta property=\"og:locale\" content=\"de_DE\" \/>\n<meta property=\"og:type\" content=\"article\" \/>\n<meta property=\"og:title\" content=\"How to improve your MS system\" \/>\n<meta property=\"og:description\" content=\"HOW TO IMPROVE YOUR MASS SPECTROMETRY SYSTEM ? MAKE YOUR LAB QUIETER VIBRATION FREE READY TO WORK FULLY COMPATIBLE AND OPTIMIZED Get the best from your MS\" \/>\n<meta property=\"og:url\" content=\"https:\/\/ionbench.com\/de\/how-to-improve-your-ms-system\/\" \/>\n<meta property=\"og:site_name\" content=\"ionBench\" \/>\n<meta property=\"article:modified_time\" content=\"2022-10-04T10:35:21+00:00\" \/>\n<meta property=\"og:image\" content=\"https:\/\/www.ionbench.com\/wp-content\/uploads\/2022\/04\/1.png\" \/>\n<meta name=\"twitter:card\" content=\"summary_large_image\" \/>\n<meta name=\"twitter:label1\" content=\"Gesch\u00e4tzte Lesezeit\" \/>\n\t<meta name=\"twitter:data1\" content=\"9\u00a0Minuten\" \/>\n<script type=\"application\/ld+json\" class=\"yoast-schema-graph\">{\"@context\":\"https:\/\/schema.org\",\"@graph\":[{\"@type\":\"WebPage\",\"@id\":\"https:\/\/ionbench.com\/ru\/how-to-improve-your-ms-system\/\",\"url\":\"https:\/\/ionbench.com\/ru\/how-to-improve-your-ms-system\/\",\"name\":\"How to improve your MS system - ionBench\",\"isPartOf\":{\"@id\":\"https:\/\/ionbench.com\/#website\"},\"primaryImageOfPage\":{\"@id\":\"https:\/\/ionbench.com\/ru\/how-to-improve-your-ms-system\/#primaryimage\"},\"image\":{\"@id\":\"https:\/\/ionbench.com\/ru\/how-to-improve-your-ms-system\/#primaryimage\"},\"thumbnailUrl\":\"https:\/\/www.ionbench.com\/wp-content\/uploads\/2022\/04\/1.png\",\"datePublished\":\"2022-08-17T12:43:16+00:00\",\"dateModified\":\"2022-10-04T10:35:21+00:00\",\"breadcrumb\":{\"@id\":\"https:\/\/ionbench.com\/ru\/how-to-improve-your-ms-system\/#breadcrumb\"},\"inLanguage\":\"de\",\"potentialAction\":[{\"@type\":\"ReadAction\",\"target\":[\"https:\/\/ionbench.com\/ru\/how-to-improve-your-ms-system\/\"]}]},{\"@type\":\"ImageObject\",\"inLanguage\":\"de\",\"@id\":\"https:\/\/ionbench.com\/ru\/how-to-improve-your-ms-system\/#primaryimage\",\"url\":\"https:\/\/www.ionbench.com\/wp-content\/uploads\/2022\/04\/1.png\",\"contentUrl\":\"https:\/\/www.ionbench.com\/wp-content\/uploads\/2022\/04\/1.png\"},{\"@type\":\"BreadcrumbList\",\"@id\":\"https:\/\/ionbench.com\/ru\/how-to-improve-your-ms-system\/#breadcrumb\",\"itemListElement\":[{\"@type\":\"ListItem\",\"position\":1,\"name\":\"Accueil\",\"item\":\"https:\/\/ionbench.com\/\"},{\"@type\":\"ListItem\",\"position\":2,\"name\":\"How to improve your MS system\"}]},{\"@type\":\"WebSite\",\"@id\":\"https:\/\/ionbench.com\/#website\",\"url\":\"https:\/\/ionbench.com\/\",\"name\":\"ionBench\",\"description\":\"Trust a reliable partner\",\"publisher\":{\"@id\":\"https:\/\/ionbench.com\/#organization\"},\"potentialAction\":[{\"@type\":\"SearchAction\",\"target\":{\"@type\":\"EntryPoint\",\"urlTemplate\":\"https:\/\/ionbench.com\/?s={search_term_string}\"},\"query-input\":{\"@type\":\"PropertyValueSpecification\",\"valueRequired\":true,\"valueName\":\"search_term_string\"}}],\"inLanguage\":\"de\"},{\"@type\":\"Organization\",\"@id\":\"https:\/\/ionbench.com\/#organization\",\"name\":\"ionBench\",\"url\":\"https:\/\/ionbench.com\/\",\"logo\":{\"@type\":\"ImageObject\",\"inLanguage\":\"de\",\"@id\":\"https:\/\/ionbench.com\/#\/schema\/logo\/image\/\",\"url\":\"https:\/\/www.ionbench.com\/wp-content\/uploads\/2021\/07\/ionBenchR-couleur-150px.png\",\"contentUrl\":\"https:\/\/www.ionbench.com\/wp-content\/uploads\/2021\/07\/ionBenchR-couleur-150px.png\",\"width\":150,\"height\":52,\"caption\":\"ionBench\"},\"image\":{\"@id\":\"https:\/\/ionbench.com\/#\/schema\/logo\/image\/\"}}]}<\/script>\n<!-- \/ Yoast SEO Premium plugin. -->","yoast_head_json":{"title":"How to improve your MS system - ionBench","robots":{"index":"index","follow":"follow","max-snippet":"max-snippet:-1","max-image-preview":"max-image-preview:large","max-video-preview":"max-video-preview:-1"},"canonical":"https:\/\/ionbench.com\/de\/how-to-improve-your-ms-system\/","og_locale":"de_DE","og_type":"article","og_title":"How to improve your MS system","og_description":"HOW TO IMPROVE YOUR MASS SPECTROMETRY SYSTEM ? MAKE YOUR LAB QUIETER VIBRATION FREE READY TO WORK FULLY COMPATIBLE AND OPTIMIZED Get the best from your MS","og_url":"https:\/\/ionbench.com\/de\/how-to-improve-your-ms-system\/","og_site_name":"ionBench","article_modified_time":"2022-10-04T10:35:21+00:00","og_image":[{"url":"https:\/\/www.ionbench.com\/wp-content\/uploads\/2022\/04\/1.png","type":"","width":"","height":""}],"twitter_card":"summary_large_image","twitter_misc":{"Gesch\u00e4tzte Lesezeit":"9\u00a0Minuten"},"schema":{"@context":"https:\/\/schema.org","@graph":[{"@type":"WebPage","@id":"https:\/\/ionbench.com\/ru\/how-to-improve-your-ms-system\/","url":"https:\/\/ionbench.com\/ru\/how-to-improve-your-ms-system\/","name":"How to improve your MS system - ionBench","isPartOf":{"@id":"https:\/\/ionbench.com\/#website"},"primaryImageOfPage":{"@id":"https:\/\/ionbench.com\/ru\/how-to-improve-your-ms-system\/#primaryimage"},"image":{"@id":"https:\/\/ionbench.com\/ru\/how-to-improve-your-ms-system\/#primaryimage"},"thumbnailUrl":"https:\/\/www.ionbench.com\/wp-content\/uploads\/2022\/04\/1.png","datePublished":"2022-08-17T12:43:16+00:00","dateModified":"2022-10-04T10:35:21+00:00","breadcrumb":{"@id":"https:\/\/ionbench.com\/ru\/how-to-improve-your-ms-system\/#breadcrumb"},"inLanguage":"de","potentialAction":[{"@type":"ReadAction","target":["https:\/\/ionbench.com\/ru\/how-to-improve-your-ms-system\/"]}]},{"@type":"ImageObject","inLanguage":"de","@id":"https:\/\/ionbench.com\/ru\/how-to-improve-your-ms-system\/#primaryimage","url":"https:\/\/www.ionbench.com\/wp-content\/uploads\/2022\/04\/1.png","contentUrl":"https:\/\/www.ionbench.com\/wp-content\/uploads\/2022\/04\/1.png"},{"@type":"BreadcrumbList","@id":"https:\/\/ionbench.com\/ru\/how-to-improve-your-ms-system\/#breadcrumb","itemListElement":[{"@type":"ListItem","position":1,"name":"Accueil","item":"https:\/\/ionbench.com\/"},{"@type":"ListItem","position":2,"name":"How to improve your MS system"}]},{"@type":"WebSite","@id":"https:\/\/ionbench.com\/#website","url":"https:\/\/ionbench.com\/","name":"ionBench","description":"Trust a reliable partner","publisher":{"@id":"https:\/\/ionbench.com\/#organization"},"potentialAction":[{"@type":"SearchAction","target":{"@type":"EntryPoint","urlTemplate":"https:\/\/ionbench.com\/?s={search_term_string}"},"query-input":{"@type":"PropertyValueSpecification","valueRequired":true,"valueName":"search_term_string"}}],"inLanguage":"de"},{"@type":"Organization","@id":"https:\/\/ionbench.com\/#organization","name":"ionBench","url":"https:\/\/ionbench.com\/","logo":{"@type":"ImageObject","inLanguage":"de","@id":"https:\/\/ionbench.com\/#\/schema\/logo\/image\/","url":"https:\/\/www.ionbench.com\/wp-content\/uploads\/2021\/07\/ionBenchR-couleur-150px.png","contentUrl":"https:\/\/www.ionbench.com\/wp-content\/uploads\/2021\/07\/ionBenchR-couleur-150px.png","width":150,"height":52,"caption":"ionBench"},"image":{"@id":"https:\/\/ionbench.com\/#\/schema\/logo\/image\/"}}]}},"_links":{"self":[{"href":"https:\/\/ionbench.com\/de\/wp-json\/wp\/v2\/pages\/32841","targetHints":{"allow":["GET"]}}],"collection":[{"href":"https:\/\/ionbench.com\/de\/wp-json\/wp\/v2\/pages"}],"about":[{"href":"https:\/\/ionbench.com\/de\/wp-json\/wp\/v2\/types\/page"}],"author":[{"embeddable":true,"href":"https:\/\/ionbench.com\/de\/wp-json\/wp\/v2\/users\/1"}],"replies":[{"embeddable":true,"href":"https:\/\/ionbench.com\/de\/wp-json\/wp\/v2\/comments?post=32841"}],"version-history":[{"count":0,"href":"https:\/\/ionbench.com\/de\/wp-json\/wp\/v2\/pages\/32841\/revisions"}],"wp:attachment":[{"href":"https:\/\/ionbench.com\/de\/wp-json\/wp\/v2\/media?parent=32841"}],"curies":[{"name":"wp","href":"https:\/\/api.w.org\/{rel}","templated":true}]}}