{"id":31351,"date":"2022-06-17T09:49:51","date_gmt":"2022-06-17T09:49:51","guid":{"rendered":"https:\/\/www.ionbench.com\/?page_id=31351"},"modified":"2023-03-24T15:30:49","modified_gmt":"2023-03-24T15:30:49","slug":"privacy-policy","status":"publish","type":"page","link":"https:\/\/ionbench.com\/es\/privacy-policy\/","title":{"rendered":"Pol\u00edtica de privacidad"},"content":{"rendered":"<div data-elementor-type=\"wp-page\" data-elementor-id=\"31351\" class=\"elementor elementor-31351\" data-elementor-post-type=\"page\">\n\t\t\t\t\t\t<section class=\"elementor-section elementor-top-section elementor-element elementor-element-49596fb elementor-section-full_width elementor-section-stretched elementor-section-height-default elementor-section-height-default\" data-id=\"49596fb\" data-element_type=\"section\" data-settings=\"{&quot;stretch_section&quot;:&quot;section-stretched&quot;}\">\n\t\t\t\t\t\t<div class=\"elementor-container elementor-column-gap-default\">\n\t\t\t\t\t<div class=\"elementor-column elementor-col-100 elementor-top-column elementor-element elementor-element-315c2fa\" data-id=\"315c2fa\" data-element_type=\"column\" data-settings=\"{&quot;background_background&quot;:&quot;classic&quot;}\">\n\t\t\t<div class=\"elementor-widget-wrap elementor-element-populated\">\n\t\t\t\t\t\t<div class=\"elementor-element elementor-element-8dfb2af elementor-widget elementor-widget-spacer\" data-id=\"8dfb2af\" data-element_type=\"widget\" data-widget_type=\"spacer.default\">\n\t\t\t\t<div class=\"elementor-widget-container\">\n\t\t\t\t\t\t\t<div class=\"elementor-spacer\">\n\t\t\t<div class=\"elementor-spacer-inner\"><\/div>\n\t\t<\/div>\n\t\t\t\t\t\t<\/div>\n\t\t\t\t<\/div>\n\t\t\t\t<div class=\"elementor-element elementor-element-a82225e elementor-widget elementor-widget-heading\" data-id=\"a82225e\" data-element_type=\"widget\" data-widget_type=\"heading.default\">\n\t\t\t\t<div class=\"elementor-widget-container\">\n\t\t\t\t\t<h1 class=\"elementor-heading-title elementor-size-default\">POL\u00cdTICA DE PRIVACIDAD DE IONBENCH<\/h1>\t\t\t\t<\/div>\n\t\t\t\t<\/div>\n\t\t\t\t<div class=\"elementor-element elementor-element-1a3fdca elementor-widget elementor-widget-spacer\" data-id=\"1a3fdca\" data-element_type=\"widget\" data-widget_type=\"spacer.default\">\n\t\t\t\t<div class=\"elementor-widget-container\">\n\t\t\t\t\t\t\t<div class=\"elementor-spacer\">\n\t\t\t<div class=\"elementor-spacer-inner\"><\/div>\n\t\t<\/div>\n\t\t\t\t\t\t<\/div>\n\t\t\t\t<\/div>\n\t\t\t\t\t<\/div>\n\t\t<\/div>\n\t\t\t\t\t<\/div>\n\t\t<\/section>\n\t\t\t\t<section class=\"elementor-section elementor-top-section elementor-element elementor-element-240f4949 elementor-section-boxed elementor-section-height-default elementor-section-height-default\" data-id=\"240f4949\" data-element_type=\"section\">\n\t\t\t\t\t\t<div class=\"elementor-container elementor-column-gap-default\">\n\t\t\t\t\t<div class=\"elementor-column elementor-col-100 elementor-top-column elementor-element elementor-element-46e4aa4d\" data-id=\"46e4aa4d\" data-element_type=\"column\">\n\t\t\t<div class=\"elementor-widget-wrap elementor-element-populated\">\n\t\t\t\t\t\t<div class=\"elementor-element elementor-element-130242a4 elementor-widget elementor-widget-text-editor\" data-id=\"130242a4\" data-element_type=\"widget\" data-widget_type=\"text-editor.default\">\n\t\t\t\t<div class=\"elementor-widget-container\">\n\t\t\t\t\t\t\t\t\t<p><\/p>\n<h2 class=\"wp-block-heading\"><span style=\"text-decoration: underline;\">Qui\u00e9nes somos<\/span><\/h2>\n<p><\/p>\n<p>La direcci\u00f3n de nuestro sitio web es: https:\/\/www.ionbench.com.<\/p>\n<p><\/p>\n<p><\/p>\n<h2 class=\"wp-block-heading\"><span style=\"text-decoration: underline;\">Comentarios<\/span><\/h2>\n<p><\/p>\n<p>When visitors leave contact form on the site we collect the data shown in the contact form&nbsp; and also the visitor\u2019s IP address and browser user agent string to help spam detection.<\/p>\n<p><\/p>\n<p><\/p>\n<h2><span style=\"text-decoration: underline;\">Galletas<\/span><\/h2>\n<h2><span style=\"color: #999999; font-size: 16px;\">Si deja un formulario de contacto en nuestro sitio, puede optar por guardar su nombre, direcci\u00f3n de correo electr\u00f3nico y sitio web en las cookies. Esto es para su comodidad, para que no tenga que volver a rellenar sus datos cuando deje otro formulario de contacto. Estas cookies tienen una duraci\u00f3n de un a\u00f1o.<\/span><\/h2>\n<p><\/p>\n<p>If you visit our login page, we will set a temporary cookie to determine if your browser accepts cookies. This cookie contains no personal data and is discarded when you close your browser.&nbsp;All of the data transmitted is stored in our data management software. You can access it at any time by simple request.&nbsp;<\/p>\n<p><\/p>\n<p><\/p>\n<h2 class=\"wp-block-heading\"><span style=\"text-decoration: underline;\">Contenido incrustado de otros sitios web<\/span><\/h2>\n<p><\/p>\n<p>El contenido incrustado de otros sitios web se comporta exactamente igual que si el visitante hubiera visitado el otro sitio web.<\/p>\n<p><\/p>\n<p>Estos sitios web pueden recopilar datos sobre usted, utilizar cookies, incrustar un seguimiento adicional de terceros y supervisar su interacci\u00f3n con ese contenido incrustado, incluido el seguimiento de su interacci\u00f3n con el contenido incrustado si tiene una cuenta y ha iniciado sesi\u00f3n en ese sitio web.<\/p>\n<p><\/p>\n<h2 class=\"wp-block-heading\">&nbsp;<\/h2>\n<h2><span style=\"text-decoration: underline;\">Con qui\u00e9n compartimos sus datos<\/span><\/h2>\n<p><\/p>\n<p>No compartimos ninguno de sus datos.<\/p>\n<p><\/p>\n<h2 class=\"wp-block-heading\">&nbsp;<\/h2>\n<h2><span style=\"text-decoration: underline;\">Cu\u00e1nto tiempo conservamos sus datos<\/span><\/h2>\n<p><\/p>\n<p>Si dejas un formulario de contacto, el formulario y sus metadatos se conservan indefinidamente. Esto es para que podamos reconocer y aprobar cualquier formulario de seguimiento autom\u00e1ticamente en lugar de mantenerlo en una cola de moderaci\u00f3n.<\/p>\n<p><\/p>\n<p><\/p>\n<p><\/p>\n<p><\/p>\n<h2 class=\"wp-block-heading\"><span style=\"text-decoration: underline;\">Qu\u00e9 derechos tiene usted sobre sus datos<\/span><\/h2>\n<p><\/p>\n<p>You can request to receive an exported file of the personal data we hold about you, including any data you have provided to us. You can also request that we erase any personal data we hold about you. This does not include any data we are obliged to keep for administrative, legal, or security purposes.<\/p>\n<p><\/p>\n<p><\/p>\n<h2 class=\"wp-block-heading\"><span style=\"text-decoration: underline;\">D\u00f3nde se env\u00edan sus datos<\/span><\/h2>\n<p><\/p>\n<p>Los formularios de los visitantes pueden ser revisados a trav\u00e9s de un servicio autom\u00e1tico de detecci\u00f3n de spam.<\/p>\n<p><\/p>\n<p><\/p>\t\t\t\t\t\t\t\t<\/div>\n\t\t\t\t<\/div>\n\t\t\t\t\t<\/div>\n\t\t<\/div>\n\t\t\t\t\t<\/div>\n\t\t<\/section>\n\t\t\t\t<\/div>","protected":false},"excerpt":{"rendered":"<p>IONBENCH PRIVACY POLICY Who we are Our website address is: https:\/\/www.ionbench.com. Comments When visitors leave contact form on the site we collect the data shown in the contact form&nbsp; and also the visitor\u2019s IP address and browser user agent string to help spam detection. Cookies If you leave a contact form on our site you [&hellip;]<\/p>","protected":false},"author":1,"featured_media":0,"parent":0,"menu_order":0,"comment_status":"closed","ping_status":"closed","template":"","meta":{"footnotes":""},"class_list":["post-31351","page","type-page","status-publish","hentry"],"yoast_head":"<!-- This site is optimized with the Yoast SEO Premium plugin v24.2 (Yoast SEO v24.2) - https:\/\/yoast.com\/wordpress\/plugins\/seo\/ -->\n<title>Privacy Policy - ionBench<\/title>\n<meta name=\"robots\" content=\"index, follow, max-snippet:-1, max-image-preview:large, max-video-preview:-1\" \/>\n<link rel=\"canonical\" href=\"https:\/\/ionbench.com\/es\/privacy-policy\/\" \/>\n<meta property=\"og:locale\" content=\"es_ES\" \/>\n<meta property=\"og:type\" content=\"article\" \/>\n<meta property=\"og:title\" content=\"Privacy Policy\" \/>\n<meta property=\"og:description\" content=\"IONBENCH PRIVACY POLICY Who we are Our website address is: https:\/\/www.ionbench.com. Comments When visitors leave contact form on the site we collect the\" \/>\n<meta property=\"og:url\" content=\"https:\/\/ionbench.com\/es\/privacy-policy\/\" \/>\n<meta property=\"og:site_name\" content=\"ionBench\" \/>\n<meta property=\"article:modified_time\" content=\"2023-03-24T15:30:49+00:00\" \/>\n<meta name=\"twitter:card\" content=\"summary_large_image\" \/>\n<meta name=\"twitter:label1\" content=\"Tiempo de lectura\" \/>\n\t<meta name=\"twitter:data1\" content=\"2 minutos\" \/>\n<script type=\"application\/ld+json\" class=\"yoast-schema-graph\">{\"@context\":\"https:\/\/schema.org\",\"@graph\":[{\"@type\":\"WebPage\",\"@id\":\"https:\/\/ionbench.com\/privacy-policy\/\",\"url\":\"https:\/\/ionbench.com\/privacy-policy\/\",\"name\":\"Privacy Policy - ionBench\",\"isPartOf\":{\"@id\":\"https:\/\/ionbench.com\/#website\"},\"datePublished\":\"2022-06-17T09:49:51+00:00\",\"dateModified\":\"2023-03-24T15:30:49+00:00\",\"breadcrumb\":{\"@id\":\"https:\/\/ionbench.com\/privacy-policy\/#breadcrumb\"},\"inLanguage\":\"es\",\"potentialAction\":[{\"@type\":\"ReadAction\",\"target\":[\"https:\/\/ionbench.com\/privacy-policy\/\"]}]},{\"@type\":\"BreadcrumbList\",\"@id\":\"https:\/\/ionbench.com\/privacy-policy\/#breadcrumb\",\"itemListElement\":[{\"@type\":\"ListItem\",\"position\":1,\"name\":\"Accueil\",\"item\":\"https:\/\/ionbench.com\/\"},{\"@type\":\"ListItem\",\"position\":2,\"name\":\"Privacy Policy\"}]},{\"@type\":\"WebSite\",\"@id\":\"https:\/\/ionbench.com\/#website\",\"url\":\"https:\/\/ionbench.com\/\",\"name\":\"ionBench\",\"description\":\"Trust a reliable partner\",\"publisher\":{\"@id\":\"https:\/\/ionbench.com\/#organization\"},\"potentialAction\":[{\"@type\":\"SearchAction\",\"target\":{\"@type\":\"EntryPoint\",\"urlTemplate\":\"https:\/\/ionbench.com\/?s={search_term_string}\"},\"query-input\":{\"@type\":\"PropertyValueSpecification\",\"valueRequired\":true,\"valueName\":\"search_term_string\"}}],\"inLanguage\":\"es\"},{\"@type\":\"Organization\",\"@id\":\"https:\/\/ionbench.com\/#organization\",\"name\":\"ionBench\",\"url\":\"https:\/\/ionbench.com\/\",\"logo\":{\"@type\":\"ImageObject\",\"inLanguage\":\"es\",\"@id\":\"https:\/\/ionbench.com\/#\/schema\/logo\/image\/\",\"url\":\"https:\/\/www.ionbench.com\/wp-content\/uploads\/2021\/07\/ionBenchR-couleur-150px.png\",\"contentUrl\":\"https:\/\/www.ionbench.com\/wp-content\/uploads\/2021\/07\/ionBenchR-couleur-150px.png\",\"width\":150,\"height\":52,\"caption\":\"ionBench\"},\"image\":{\"@id\":\"https:\/\/ionbench.com\/#\/schema\/logo\/image\/\"}}]}<\/script>\n<!-- \/ Yoast SEO Premium plugin. -->","yoast_head_json":{"title":"Privacy Policy - ionBench","robots":{"index":"index","follow":"follow","max-snippet":"max-snippet:-1","max-image-preview":"max-image-preview:large","max-video-preview":"max-video-preview:-1"},"canonical":"https:\/\/ionbench.com\/es\/privacy-policy\/","og_locale":"es_ES","og_type":"article","og_title":"Privacy Policy","og_description":"IONBENCH PRIVACY POLICY Who we are Our website address is: https:\/\/www.ionbench.com. Comments When visitors leave contact form on the site we collect the","og_url":"https:\/\/ionbench.com\/es\/privacy-policy\/","og_site_name":"ionBench","article_modified_time":"2023-03-24T15:30:49+00:00","twitter_card":"summary_large_image","twitter_misc":{"Tiempo de lectura":"2 minutos"},"schema":{"@context":"https:\/\/schema.org","@graph":[{"@type":"WebPage","@id":"https:\/\/ionbench.com\/privacy-policy\/","url":"https:\/\/ionbench.com\/privacy-policy\/","name":"Privacy Policy - ionBench","isPartOf":{"@id":"https:\/\/ionbench.com\/#website"},"datePublished":"2022-06-17T09:49:51+00:00","dateModified":"2023-03-24T15:30:49+00:00","breadcrumb":{"@id":"https:\/\/ionbench.com\/privacy-policy\/#breadcrumb"},"inLanguage":"es","potentialAction":[{"@type":"ReadAction","target":["https:\/\/ionbench.com\/privacy-policy\/"]}]},{"@type":"BreadcrumbList","@id":"https:\/\/ionbench.com\/privacy-policy\/#breadcrumb","itemListElement":[{"@type":"ListItem","position":1,"name":"Accueil","item":"https:\/\/ionbench.com\/"},{"@type":"ListItem","position":2,"name":"Privacy Policy"}]},{"@type":"WebSite","@id":"https:\/\/ionbench.com\/#website","url":"https:\/\/ionbench.com\/","name":"ionBench","description":"Trust a reliable partner","publisher":{"@id":"https:\/\/ionbench.com\/#organization"},"potentialAction":[{"@type":"SearchAction","target":{"@type":"EntryPoint","urlTemplate":"https:\/\/ionbench.com\/?s={search_term_string}"},"query-input":{"@type":"PropertyValueSpecification","valueRequired":true,"valueName":"search_term_string"}}],"inLanguage":"es"},{"@type":"Organization","@id":"https:\/\/ionbench.com\/#organization","name":"ionBench","url":"https:\/\/ionbench.com\/","logo":{"@type":"ImageObject","inLanguage":"es","@id":"https:\/\/ionbench.com\/#\/schema\/logo\/image\/","url":"https:\/\/www.ionbench.com\/wp-content\/uploads\/2021\/07\/ionBenchR-couleur-150px.png","contentUrl":"https:\/\/www.ionbench.com\/wp-content\/uploads\/2021\/07\/ionBenchR-couleur-150px.png","width":150,"height":52,"caption":"ionBench"},"image":{"@id":"https:\/\/ionbench.com\/#\/schema\/logo\/image\/"}}]}},"_links":{"self":[{"href":"https:\/\/ionbench.com\/es\/wp-json\/wp\/v2\/pages\/31351","targetHints":{"allow":["GET"]}}],"collection":[{"href":"https:\/\/ionbench.com\/es\/wp-json\/wp\/v2\/pages"}],"about":[{"href":"https:\/\/ionbench.com\/es\/wp-json\/wp\/v2\/types\/page"}],"author":[{"embeddable":true,"href":"https:\/\/ionbench.com\/es\/wp-json\/wp\/v2\/users\/1"}],"replies":[{"embeddable":true,"href":"https:\/\/ionbench.com\/es\/wp-json\/wp\/v2\/comments?post=31351"}],"version-history":[{"count":6,"href":"https:\/\/ionbench.com\/es\/wp-json\/wp\/v2\/pages\/31351\/revisions"}],"predecessor-version":[{"id":36464,"href":"https:\/\/ionbench.com\/es\/wp-json\/wp\/v2\/pages\/31351\/revisions\/36464"}],"wp:attachment":[{"href":"https:\/\/ionbench.com\/es\/wp-json\/wp\/v2\/media?parent=31351"}],"curies":[{"name":"wp","href":"https:\/\/api.w.org\/{rel}","templated":true}]}}