{"id":6578,"date":"2021-07-21T13:17:03","date_gmt":"2021-07-21T13:17:03","guid":{"rendered":"http:\/\/ion-bench.com\/?page_id=6578"},"modified":"2022-07-26T13:43:06","modified_gmt":"2022-07-26T13:43:06","slug":"lc-bench-option-adjustable-height","status":"publish","type":"page","link":"https:\/\/ionbench.com\/fr\/paillasse-lc-hauteur-ajustable\/","title":{"rendered":"Bench LC : hauteur ajustable"},"content":{"rendered":"<div data-elementor-type=\"wp-page\" data-elementor-id=\"6578\" class=\"elementor elementor-6578\" data-elementor-post-type=\"page\">\n\t\t\t\t\t\t<section class=\"elementor-section elementor-top-section elementor-element elementor-element-61ac798 elementor-section-boxed elementor-section-height-default elementor-section-height-default\" data-id=\"61ac798\" data-element_type=\"section\" data-settings=\"{&quot;background_background&quot;:&quot;classic&quot;}\">\n\t\t\t\t\t\t<div class=\"elementor-container elementor-column-gap-default\">\n\t\t\t\t\t<div class=\"elementor-column elementor-col-100 elementor-top-column elementor-element elementor-element-5238d16\" data-id=\"5238d16\" data-element_type=\"column\">\n\t\t\t<div class=\"elementor-widget-wrap elementor-element-populated\">\n\t\t\t\t\t\t<div class=\"elementor-element elementor-element-bdad9d1 elementor-widget elementor-widget-spacer\" data-id=\"bdad9d1\" data-element_type=\"widget\" data-widget_type=\"spacer.default\">\n\t\t\t\t<div class=\"elementor-widget-container\">\n\t\t\t\t\t\t\t<div class=\"elementor-spacer\">\n\t\t\t<div class=\"elementor-spacer-inner\"><\/div>\n\t\t<\/div>\n\t\t\t\t\t\t<\/div>\n\t\t\t\t<\/div>\n\t\t\t\t<div class=\"elementor-element elementor-element-861872d elementor-widget elementor-widget-heading\" data-id=\"861872d\" data-element_type=\"widget\" data-widget_type=\"heading.default\">\n\t\t\t\t<div class=\"elementor-widget-container\">\n\t\t\t\t\t<h1 class=\"elementor-heading-title elementor-size-default\">OPTION PAILLASSE LC : HAUTEUR AJUSTABLE<\/h1>\t\t\t\t<\/div>\n\t\t\t\t<\/div>\n\t\t\t\t<div class=\"elementor-element elementor-element-3daad40 elementor-widget elementor-widget-spacer\" data-id=\"3daad40\" data-element_type=\"widget\" data-widget_type=\"spacer.default\">\n\t\t\t\t<div class=\"elementor-widget-container\">\n\t\t\t\t\t\t\t<div class=\"elementor-spacer\">\n\t\t\t<div class=\"elementor-spacer-inner\"><\/div>\n\t\t<\/div>\n\t\t\t\t\t\t<\/div>\n\t\t\t\t<\/div>\n\t\t\t\t\t<\/div>\n\t\t<\/div>\n\t\t\t\t\t<\/div>\n\t\t<\/section>\n\t\t\t\t<section class=\"elementor-section elementor-top-section elementor-element elementor-element-75f77b5 elementor-section-boxed elementor-section-height-default elementor-section-height-default\" data-id=\"75f77b5\" data-element_type=\"section\">\n\t\t\t\t\t\t<div class=\"elementor-container elementor-column-gap-default\">\n\t\t\t\t\t<div class=\"elementor-column elementor-col-50 elementor-top-column elementor-element elementor-element-af89087\" data-id=\"af89087\" data-element_type=\"column\">\n\t\t\t<div class=\"elementor-widget-wrap elementor-element-populated\">\n\t\t\t\t\t\t<div class=\"elementor-element elementor-element-6e8b8b6 elementor-widget elementor-widget-heading\" data-id=\"6e8b8b6\" data-element_type=\"widget\" data-widget_type=\"heading.default\">\n\t\t\t\t<div class=\"elementor-widget-container\">\n\t\t\t\t\t<h2 class=\"elementor-heading-title elementor-size-default\">HAUTEUR AJUSTABLE<\/h2>\t\t\t\t<\/div>\n\t\t\t\t<\/div>\n\t\t\t\t<div class=\"elementor-element elementor-element-35e7036 elementor-widget elementor-widget-text-editor\" data-id=\"35e7036\" data-element_type=\"widget\" data-widget_type=\"text-editor.default\">\n\t\t\t\t<div class=\"elementor-widget-container\">\n\t\t\t\t\t\t\t\t\t<p style=\"text-align: center;\">Si vous travaillez avec un ensemble LC\/MS, la hauteur du spectrom\u00e8tre de masse peut \u00eatre un r\u00e9glage critique pour une performance optimale. Cela ne d\u00e9pend pas seulement de la marque et du mod\u00e8le du spectrom\u00e8tre de masse utilis\u00e9, mais aussi de la hauteur du banc LC que vous avez choisi.\u00a0<\/p><p style=\"text-align: center;\">Disponible pour toutes les paillasses MS<\/p>\t\t\t\t\t\t\t\t<\/div>\n\t\t\t\t<\/div>\n\t\t\t\t<div class=\"elementor-element elementor-element-4e2328f elementor-align-center elementor-widget elementor-widget-button\" data-id=\"4e2328f\" data-element_type=\"widget\" data-widget_type=\"button.default\">\n\t\t\t\t<div class=\"elementor-widget-container\">\n\t\t\t\t\t\t\t\t\t<div class=\"elementor-button-wrapper\">\n\t\t\t\t\t<a class=\"elementor-button elementor-button-link elementor-size-md\" href=\"https:\/\/ionbench.com\/fr\/paillasse-lc-options\/\">\n\t\t\t\t\t\t<span class=\"elementor-button-content-wrapper\">\n\t\t\t\t\t\t\t\t\t<span class=\"elementor-button-text\">D\u00e9couvrir plus d'options<\/span>\n\t\t\t\t\t<\/span>\n\t\t\t\t\t<\/a>\n\t\t\t\t<\/div>\n\t\t\t\t\t\t\t\t<\/div>\n\t\t\t\t<\/div>\n\t\t\t\t<div class=\"elementor-element elementor-element-71a9b2e elementor-widget elementor-widget-shortcode\" data-id=\"71a9b2e\" data-element_type=\"widget\" data-widget_type=\"shortcode.default\">\n\t\t\t\t<div class=\"elementor-widget-container\">\n\t\t\t\t\t\t\t<div class=\"elementor-shortcode\"><center>\n<table id=\"tablepress-32\" class=\"tablepress tablepress-id-32\">\n<thead>\n<tr class=\"row-1 odd\">\n\t<th class=\"column-1\"><\/th><th class=\"column-2\">Optional UH1<\/th><th class=\"column-3\">Standard UH3<\/th><th class=\"column-4\">Optional UH4<\/th>\n<\/tr>\n<\/thead>\n<tbody class=\"row-hover\">\n<tr class=\"row-2 even\">\n\t<td class=\"column-1\">LOW<\/td><td class=\"column-2\">45 cm <br \/>\n(17.7 in)<\/td><td class=\"column-3\">57cm <br \/>\n(22.4 in) <\/td><td class=\"column-4\">62cm <br \/>\n(24.4 in) <\/td>\n<\/tr>\n<tr class=\"row-3 odd\">\n\t<td class=\"column-1\">HIGH<\/td><td class=\"column-2\">75cm <br \/>\n(29.5 in)<\/td><td class=\"column-3\">87cm <br \/>\n(34.3 in) <\/td><td class=\"column-4\">97cm <br \/>\n(37.7 in) <\/td>\n<\/tr>\n<\/tbody>\n<\/table>\n<\/center><\/div>\n\t\t\t\t\t\t<\/div>\n\t\t\t\t<\/div>\n\t\t\t\t\t<\/div>\n\t\t<\/div>\n\t\t\t\t<div class=\"elementor-column elementor-col-50 elementor-top-column elementor-element elementor-element-5c5ae89\" data-id=\"5c5ae89\" data-element_type=\"column\">\n\t\t\t<div class=\"elementor-widget-wrap elementor-element-populated\">\n\t\t\t\t\t\t<div class=\"elementor-element elementor-element-22d7f46 elementor-widget elementor-widget-image\" data-id=\"22d7f46\" data-element_type=\"widget\" data-widget_type=\"image.default\">\n\t\t\t\t<div class=\"elementor-widget-container\">\n\t\t\t\t\t\t\t\t\t\t\t\t\t\t\t<img fetchpriority=\"high\" decoding=\"async\" width=\"250\" height=\"337\" src=\"https:\/\/ionbench.com\/wp-content\/uploads\/2021\/07\/0000-0108.gif\" class=\"attachment-full size-full wp-image-6360\" alt=\"banc lc r\u00e9glable en hauteur\" \/>\t\t\t\t\t\t\t\t\t\t\t\t\t\t\t<\/div>\n\t\t\t\t<\/div>\n\t\t\t\t\t<\/div>\n\t\t<\/div>\n\t\t\t\t\t<\/div>\n\t\t<\/section>\n\t\t\t\t<section class=\"elementor-section elementor-top-section elementor-element elementor-element-56b9474 elementor-section-full_width elementor-section-stretched elementor-section-height-default elementor-section-height-default\" data-id=\"56b9474\" data-element_type=\"section\" data-settings=\"{&quot;stretch_section&quot;:&quot;section-stretched&quot;,&quot;background_background&quot;:&quot;classic&quot;}\">\n\t\t\t\t\t\t<div class=\"elementor-container elementor-column-gap-default\">\n\t\t\t\t\t<div class=\"elementor-column elementor-col-100 elementor-top-column elementor-element elementor-element-7fee3e1\" data-id=\"7fee3e1\" data-element_type=\"column\">\n\t\t\t<div class=\"elementor-widget-wrap elementor-element-populated\">\n\t\t\t\t\t\t<div class=\"elementor-element elementor-element-ac738b0 elementor-widget elementor-widget-spacer\" data-id=\"ac738b0\" data-element_type=\"widget\" data-widget_type=\"spacer.default\">\n\t\t\t\t<div class=\"elementor-widget-container\">\n\t\t\t\t\t\t\t<div class=\"elementor-spacer\">\n\t\t\t<div class=\"elementor-spacer-inner\"><\/div>\n\t\t<\/div>\n\t\t\t\t\t\t<\/div>\n\t\t\t\t<\/div>\n\t\t\t\t<div class=\"elementor-element elementor-element-70e5f94 elementor-widget elementor-widget-heading\" data-id=\"70e5f94\" data-element_type=\"widget\" data-widget_type=\"heading.default\">\n\t\t\t\t<div class=\"elementor-widget-container\">\n\t\t\t\t\t<h3 class=\"elementor-heading-title elementor-size-default\">VOUS AVEZ BESOIN D'UN CONSEIL ? \n<br>VOUS NE TROUVEZ PAS CE DONT VOUS AVEZ BESOIN ?<\/h3>\t\t\t\t<\/div>\n\t\t\t\t<\/div>\n\t\t\t\t<div class=\"elementor-element elementor-element-9d00a68 elementor-align-center elementor-widget elementor-widget-button\" data-id=\"9d00a68\" data-element_type=\"widget\" data-widget_type=\"button.default\">\n\t\t\t\t<div class=\"elementor-widget-container\">\n\t\t\t\t\t\t\t\t\t<div class=\"elementor-button-wrapper\">\n\t\t\t\t\t<a class=\"elementor-button elementor-button-link elementor-size-md\" href=\"https:\/\/ionbench.com\/fr\/igmap\/contact\/\">\n\t\t\t\t\t\t<span class=\"elementor-button-content-wrapper\">\n\t\t\t\t\t\t<span class=\"elementor-button-icon\">\n\t\t\t\t<i aria-hidden=\"true\" class=\"far fa-envelope\"><\/i>\t\t\t<\/span>\n\t\t\t\t\t\t\t\t\t<span class=\"elementor-button-text\">CONTACTEZ-NOUS<\/span>\n\t\t\t\t\t<\/span>\n\t\t\t\t\t<\/a>\n\t\t\t\t<\/div>\n\t\t\t\t\t\t\t\t<\/div>\n\t\t\t\t<\/div>\n\t\t\t\t<div class=\"elementor-element elementor-element-9b5ce6e elementor-widget elementor-widget-spacer\" data-id=\"9b5ce6e\" data-element_type=\"widget\" data-widget_type=\"spacer.default\">\n\t\t\t\t<div class=\"elementor-widget-container\">\n\t\t\t\t\t\t\t<div class=\"elementor-spacer\">\n\t\t\t<div class=\"elementor-spacer-inner\"><\/div>\n\t\t<\/div>\n\t\t\t\t\t\t<\/div>\n\t\t\t\t<\/div>\n\t\t\t\t\t<\/div>\n\t\t<\/div>\n\t\t\t\t\t<\/div>\n\t\t<\/section>\n\t\t\t\t<section class=\"elementor-section elementor-top-section elementor-element elementor-element-df3144c elementor-section-boxed elementor-section-height-default elementor-section-height-default\" data-id=\"df3144c\" data-element_type=\"section\">\n\t\t\t\t\t\t<div class=\"elementor-container elementor-column-gap-default\">\n\t\t\t\t\t<div class=\"elementor-column elementor-col-50 elementor-top-column elementor-element elementor-element-9d110c8\" data-id=\"9d110c8\" data-element_type=\"column\">\n\t\t\t<div class=\"elementor-widget-wrap elementor-element-populated\">\n\t\t\t\t\t\t<div class=\"elementor-element elementor-element-b261dbe elementor-widget elementor-widget-heading\" data-id=\"b261dbe\" data-element_type=\"widget\" data-widget_type=\"heading.default\">\n\t\t\t\t<div class=\"elementor-widget-container\">\n\t\t\t\t\t<h5 class=\"elementor-heading-title elementor-size-default\"><a href=\"https:\/\/www.youtube.com\/watch?v=Ugcyd8djsto\">REGARDER LA VIDEO<\/a><\/h5>\t\t\t\t<\/div>\n\t\t\t\t<\/div>\n\t\t\t\t\t<\/div>\n\t\t<\/div>\n\t\t\t\t<div class=\"elementor-column elementor-col-50 elementor-top-column elementor-element elementor-element-75375cb\" data-id=\"75375cb\" data-element_type=\"column\">\n\t\t\t<div class=\"elementor-widget-wrap elementor-element-populated\">\n\t\t\t\t\t\t<div class=\"elementor-element elementor-element-54ce592 elementor-widget elementor-widget-image\" data-id=\"54ce592\" data-element_type=\"widget\" data-widget_type=\"image.default\">\n\t\t\t\t<div class=\"elementor-widget-container\">\n\t\t\t\t\t\t\t\t\t\t\t\t\t\t\t<img decoding=\"async\" width=\"393\" height=\"174\" src=\"https:\/\/ionbench.com\/wp-content\/uploads\/2021\/07\/poster-1-e1626087708823.png\" class=\"attachment-large size-large wp-image-4456\" alt=\"Mobilier de laboratoire LC&amp;MS\" srcset=\"https:\/\/ionbench.com\/wp-content\/uploads\/2021\/07\/poster-1-e1626087708823.png 393w, https:\/\/ionbench.com\/wp-content\/uploads\/2021\/07\/poster-1-e1626087708823-300x133.png 300w\" sizes=\"(max-width: 393px) 100vw, 393px\" \/>\t\t\t\t\t\t\t\t\t\t\t\t\t\t\t<\/div>\n\t\t\t\t<\/div>\n\t\t\t\t\t<\/div>\n\t\t<\/div>\n\t\t\t\t\t<\/div>\n\t\t<\/section>\n\t\t\t\t<\/div>","protected":false},"excerpt":{"rendered":"<p>LC BENCH OPTION : ADJUSTABLE HEIGHT ADJUSTABLE HEIGHT If you run LC\/MS, the height of the MS source can be a critical setting for optimal performance. This is not only depends on the make and model of the MS being used, but also on the height LC bench you set.\u00a0 Available for every bench DISCOVER [&hellip;]<\/p>","protected":false},"author":1,"featured_media":0,"parent":0,"menu_order":0,"comment_status":"closed","ping_status":"closed","template":"page-templates\/full-width-page.php","meta":{"footnotes":""},"class_list":["post-6578","page","type-page","status-publish","hentry"],"yoast_head":"<!-- This site is optimized with the Yoast SEO Premium plugin v24.2 (Yoast SEO v24.2) - https:\/\/yoast.com\/wordpress\/plugins\/seo\/ -->\n<title>LC Bench option : adjustable height - ionBench<\/title>\n<meta name=\"description\" content=\"The height of the mass spec source can be a critical setting for optimum performance. This is why lc bench with adjustable height is good\" \/>\n<meta name=\"robots\" content=\"index, follow, max-snippet:-1, max-image-preview:large, max-video-preview:-1\" \/>\n<link rel=\"canonical\" href=\"https:\/\/ionbench.com\/fr\/paillasse-lc-hauteur-ajustable\/\" \/>\n<meta property=\"og:locale\" content=\"fr_FR\" \/>\n<meta property=\"og:type\" content=\"article\" \/>\n<meta property=\"og:title\" content=\"LC Bench option : adjustable height\" \/>\n<meta property=\"og:description\" content=\"LC BENCH OPTION : ADJUSTABLE HEIGHT ADJUSTABLE HEIGHT If you run LC\/MS, the height of the MS source can be a critical setting for optimal performance.\" \/>\n<meta property=\"og:url\" content=\"https:\/\/ionbench.com\/fr\/paillasse-lc-hauteur-ajustable\/\" \/>\n<meta property=\"og:site_name\" content=\"ionBench\" \/>\n<meta property=\"article:modified_time\" content=\"2022-07-26T13:43:06+00:00\" \/>\n<meta property=\"og:image\" content=\"https:\/\/www.ionbench.com\/wp-content\/uploads\/2021\/07\/0000-0108.gif\" \/>\n<meta name=\"twitter:card\" content=\"summary_large_image\" \/>\n<meta name=\"twitter:label1\" content=\"Dur\u00e9e de lecture estim\u00e9e\" \/>\n\t<meta name=\"twitter:data1\" content=\"1 minute\" \/>\n<script type=\"application\/ld+json\" class=\"yoast-schema-graph\">{\"@context\":\"https:\/\/schema.org\",\"@graph\":[{\"@type\":\"WebPage\",\"@id\":\"https:\/\/ionbench.com\/lc-bench-option-adjustable-height\/\",\"url\":\"https:\/\/ionbench.com\/lc-bench-option-adjustable-height\/\",\"name\":\"LC Bench option : adjustable height - ionBench\",\"isPartOf\":{\"@id\":\"https:\/\/ionbench.com\/#website\"},\"primaryImageOfPage\":{\"@id\":\"https:\/\/ionbench.com\/lc-bench-option-adjustable-height\/#primaryimage\"},\"image\":{\"@id\":\"https:\/\/ionbench.com\/lc-bench-option-adjustable-height\/#primaryimage\"},\"thumbnailUrl\":\"https:\/\/www.ionbench.com\/wp-content\/uploads\/2021\/07\/0000-0108.gif\",\"datePublished\":\"2021-07-21T13:17:03+00:00\",\"dateModified\":\"2022-07-26T13:43:06+00:00\",\"description\":\"The height of the mass spec source can be a critical setting for optimum performance. This is why lc bench with adjustable height is good\",\"breadcrumb\":{\"@id\":\"https:\/\/ionbench.com\/lc-bench-option-adjustable-height\/#breadcrumb\"},\"inLanguage\":\"fr-FR\",\"potentialAction\":[{\"@type\":\"ReadAction\",\"target\":[\"https:\/\/ionbench.com\/lc-bench-option-adjustable-height\/\"]}]},{\"@type\":\"ImageObject\",\"inLanguage\":\"fr-FR\",\"@id\":\"https:\/\/ionbench.com\/lc-bench-option-adjustable-height\/#primaryimage\",\"url\":\"https:\/\/www.ionbench.com\/wp-content\/uploads\/2021\/07\/0000-0108.gif\",\"contentUrl\":\"https:\/\/www.ionbench.com\/wp-content\/uploads\/2021\/07\/0000-0108.gif\"},{\"@type\":\"BreadcrumbList\",\"@id\":\"https:\/\/ionbench.com\/lc-bench-option-adjustable-height\/#breadcrumb\",\"itemListElement\":[{\"@type\":\"ListItem\",\"position\":1,\"name\":\"Accueil\",\"item\":\"https:\/\/ionbench.com\/\"},{\"@type\":\"ListItem\",\"position\":2,\"name\":\"LC Bench option : adjustable height\"}]},{\"@type\":\"WebSite\",\"@id\":\"https:\/\/ionbench.com\/#website\",\"url\":\"https:\/\/ionbench.com\/\",\"name\":\"ionBench\",\"description\":\"Trust a reliable partner\",\"publisher\":{\"@id\":\"https:\/\/ionbench.com\/#organization\"},\"potentialAction\":[{\"@type\":\"SearchAction\",\"target\":{\"@type\":\"EntryPoint\",\"urlTemplate\":\"https:\/\/ionbench.com\/?s={search_term_string}\"},\"query-input\":{\"@type\":\"PropertyValueSpecification\",\"valueRequired\":true,\"valueName\":\"search_term_string\"}}],\"inLanguage\":\"fr-FR\"},{\"@type\":\"Organization\",\"@id\":\"https:\/\/ionbench.com\/#organization\",\"name\":\"ionBench\",\"url\":\"https:\/\/ionbench.com\/\",\"logo\":{\"@type\":\"ImageObject\",\"inLanguage\":\"fr-FR\",\"@id\":\"https:\/\/ionbench.com\/#\/schema\/logo\/image\/\",\"url\":\"https:\/\/www.ionbench.com\/wp-content\/uploads\/2021\/07\/ionBenchR-couleur-150px.png\",\"contentUrl\":\"https:\/\/www.ionbench.com\/wp-content\/uploads\/2021\/07\/ionBenchR-couleur-150px.png\",\"width\":150,\"height\":52,\"caption\":\"ionBench\"},\"image\":{\"@id\":\"https:\/\/ionbench.com\/#\/schema\/logo\/image\/\"}}]}<\/script>\n<!-- \/ Yoast SEO Premium plugin. -->","yoast_head_json":{"title":"LC Bench option : adjustable height - ionBench","description":"The height of the mass spec source can be a critical setting for optimum performance. This is why lc bench with adjustable height is good","robots":{"index":"index","follow":"follow","max-snippet":"max-snippet:-1","max-image-preview":"max-image-preview:large","max-video-preview":"max-video-preview:-1"},"canonical":"https:\/\/ionbench.com\/fr\/paillasse-lc-hauteur-ajustable\/","og_locale":"fr_FR","og_type":"article","og_title":"LC Bench option : adjustable height","og_description":"LC BENCH OPTION : ADJUSTABLE HEIGHT ADJUSTABLE HEIGHT If you run LC\/MS, the height of the MS source can be a critical setting for optimal performance.","og_url":"https:\/\/ionbench.com\/fr\/paillasse-lc-hauteur-ajustable\/","og_site_name":"ionBench","article_modified_time":"2022-07-26T13:43:06+00:00","og_image":[{"url":"https:\/\/www.ionbench.com\/wp-content\/uploads\/2021\/07\/0000-0108.gif","type":"","width":"","height":""}],"twitter_card":"summary_large_image","twitter_misc":{"Dur\u00e9e de lecture estim\u00e9e":"1 minute"},"schema":{"@context":"https:\/\/schema.org","@graph":[{"@type":"WebPage","@id":"https:\/\/ionbench.com\/lc-bench-option-adjustable-height\/","url":"https:\/\/ionbench.com\/lc-bench-option-adjustable-height\/","name":"LC Bench option : adjustable height - ionBench","isPartOf":{"@id":"https:\/\/ionbench.com\/#website"},"primaryImageOfPage":{"@id":"https:\/\/ionbench.com\/lc-bench-option-adjustable-height\/#primaryimage"},"image":{"@id":"https:\/\/ionbench.com\/lc-bench-option-adjustable-height\/#primaryimage"},"thumbnailUrl":"https:\/\/www.ionbench.com\/wp-content\/uploads\/2021\/07\/0000-0108.gif","datePublished":"2021-07-21T13:17:03+00:00","dateModified":"2022-07-26T13:43:06+00:00","description":"The height of the mass spec source can be a critical setting for optimum performance. This is why lc bench with adjustable height is good","breadcrumb":{"@id":"https:\/\/ionbench.com\/lc-bench-option-adjustable-height\/#breadcrumb"},"inLanguage":"fr-FR","potentialAction":[{"@type":"ReadAction","target":["https:\/\/ionbench.com\/lc-bench-option-adjustable-height\/"]}]},{"@type":"ImageObject","inLanguage":"fr-FR","@id":"https:\/\/ionbench.com\/lc-bench-option-adjustable-height\/#primaryimage","url":"https:\/\/www.ionbench.com\/wp-content\/uploads\/2021\/07\/0000-0108.gif","contentUrl":"https:\/\/www.ionbench.com\/wp-content\/uploads\/2021\/07\/0000-0108.gif"},{"@type":"BreadcrumbList","@id":"https:\/\/ionbench.com\/lc-bench-option-adjustable-height\/#breadcrumb","itemListElement":[{"@type":"ListItem","position":1,"name":"Accueil","item":"https:\/\/ionbench.com\/"},{"@type":"ListItem","position":2,"name":"LC Bench option : adjustable height"}]},{"@type":"WebSite","@id":"https:\/\/ionbench.com\/#website","url":"https:\/\/ionbench.com\/","name":"ionBench","description":"Trust a reliable partner","publisher":{"@id":"https:\/\/ionbench.com\/#organization"},"potentialAction":[{"@type":"SearchAction","target":{"@type":"EntryPoint","urlTemplate":"https:\/\/ionbench.com\/?s={search_term_string}"},"query-input":{"@type":"PropertyValueSpecification","valueRequired":true,"valueName":"search_term_string"}}],"inLanguage":"fr-FR"},{"@type":"Organization","@id":"https:\/\/ionbench.com\/#organization","name":"ionBench","url":"https:\/\/ionbench.com\/","logo":{"@type":"ImageObject","inLanguage":"fr-FR","@id":"https:\/\/ionbench.com\/#\/schema\/logo\/image\/","url":"https:\/\/www.ionbench.com\/wp-content\/uploads\/2021\/07\/ionBenchR-couleur-150px.png","contentUrl":"https:\/\/www.ionbench.com\/wp-content\/uploads\/2021\/07\/ionBenchR-couleur-150px.png","width":150,"height":52,"caption":"ionBench"},"image":{"@id":"https:\/\/ionbench.com\/#\/schema\/logo\/image\/"}}]}},"_links":{"self":[{"href":"https:\/\/ionbench.com\/fr\/wp-json\/wp\/v2\/pages\/6578","targetHints":{"allow":["GET"]}}],"collection":[{"href":"https:\/\/ionbench.com\/fr\/wp-json\/wp\/v2\/pages"}],"about":[{"href":"https:\/\/ionbench.com\/fr\/wp-json\/wp\/v2\/types\/page"}],"author":[{"embeddable":true,"href":"https:\/\/ionbench.com\/fr\/wp-json\/wp\/v2\/users\/1"}],"replies":[{"embeddable":true,"href":"https:\/\/ionbench.com\/fr\/wp-json\/wp\/v2\/comments?post=6578"}],"version-history":[{"count":0,"href":"https:\/\/ionbench.com\/fr\/wp-json\/wp\/v2\/pages\/6578\/revisions"}],"wp:attachment":[{"href":"https:\/\/ionbench.com\/fr\/wp-json\/wp\/v2\/media?parent=6578"}],"curies":[{"name":"wp","href":"https:\/\/api.w.org\/{rel}","templated":true}]}}